{"id":11978,"date":"2021-02-23T09:25:55","date_gmt":"2021-02-23T15:25:55","guid":{"rendered":"https:\/\/qapterstage.wpengine.com\/solutions\/assurance\/souscription\/"},"modified":"2023-04-12T03:12:08","modified_gmt":"2023-04-12T08:12:08","slug":"souscription","status":"publish","type":"page","link":"https:\/\/www.qapter.com\/fr\/solutions\/souscription\/","title":{"rendered":"SOUSCRIPTION"},"content":{"rendered":"<p><div class=\"fusion-fullwidth fullwidth-box fusion-builder-row-1 fusion-flex-container fusion-parallax-none nonhundred-percent-fullwidth non-hundred-percent-height-scrolling\" style=\"--awb-border-radius-top-left:0px;--awb-border-radius-top-right:0px;--awb-border-radius-bottom-right:0px;--awb-border-radius-bottom-left:0px;--awb-min-height:320px;--awb-min-height-medium:280px;--awb-min-height-small:240px;--awb-background-image:linear-gradient(90deg, var(--awb-custom_color_2) 0%,rgba(255,255,255,0) 100%),url(http:\/\/www.qapter.com\/wp-content\/uploads\/2021\/02\/insurance-acessor.jpg);;--awb-background-size:cover;--awb-flex-wrap:wrap;\" ><div class=\"fusion-builder-row fusion-row fusion-flex-align-items-center fusion-flex-content-wrap\" style=\"max-width:1456px;margin-left: calc(-4% \/ 2 );margin-right: calc(-4% \/ 2 );\"><div class=\"fusion-layout-column fusion_builder_column fusion-builder-column-0 fusion_builder_column_1_2 1_2 fusion-flex-column\" style=\"--awb-bg-size:cover;--awb-width-large:50%;--awb-margin-top-large:0px;--awb-spacing-right-large:3.84%;--awb-margin-bottom-large:20px;--awb-spacing-left-large:3.84%;--awb-width-medium:50%;--awb-order-medium:0;--awb-spacing-right-medium:3.84%;--awb-spacing-left-medium:3.84%;--awb-width-small:100%;--awb-order-small:0;--awb-spacing-right-small:1.92%;--awb-spacing-left-small:1.92%;\"><div class=\"fusion-column-wrapper fusion-column-has-shadow fusion-flex-justify-content-flex-start fusion-content-layout-column\"><div class=\"fusion-title title fusion-title-1 fusion-sep-none fusion-title-text fusion-title-size-one\" style=\"--awb-text-color:var(--awb-color1);\"><h1 class=\"fusion-title-heading title-heading-left fusion-responsive-typography-calculated\" style=\"margin:0;--fontSize:48;line-height:var(--awb-typography1-line-height);\">ASSURANCE<\/h1><\/div><div class=\"fusion-text fusion-text-1\" style=\"--awb-font-size:20px;--awb-text-color:var(--awb-color1);\"><p>Qapter\u00ae int\u00e8gre l\u2019Intelligence Artificielle (IA) et l&rsquo;applique dans les processus assurantiels, depuis la souscription \u00e0 la police d&rsquo;assurance jusqu\u2019aux traitement des sinistres<\/p>\n<\/div><div ><a class=\"fusion-button button-flat fusion-button-default-size button-default fusion-button-default button-1 fusion-button-default-span fusion-button-default-type\" target=\"_self\" href=\"https:\/\/www.qapter.com\/fr\/contact\/\"><span class=\"fusion-button-text awb-button__text awb-button__text--default\">demander une d\u00e9mo<\/span><\/a><\/div><\/div><\/div><\/div><\/div><div class=\"fusion-fullwidth fullwidth-box fusion-builder-row-2 fusion-flex-container nonhundred-percent-fullwidth non-hundred-percent-height-scrolling\" style=\"--awb-border-radius-top-left:0px;--awb-border-radius-top-right:0px;--awb-border-radius-bottom-right:0px;--awb-border-radius-bottom-left:0px;--awb-background-color:var(--awb-custom_color_1);--awb-flex-wrap:wrap;\" ><div class=\"fusion-builder-row fusion-row fusion-flex-align-items-flex-start fusion-flex-content-wrap\" style=\"max-width:1456px;margin-left: calc(-4% \/ 2 );margin-right: calc(-4% \/ 2 );\"><div class=\"fusion-layout-column fusion_builder_column fusion-builder-column-1 fusion_builder_column_1_2 1_2 fusion-flex-column\" style=\"--awb-bg-size:cover;--awb-width-large:50%;--awb-margin-top-large:0px;--awb-spacing-right-large:3.84%;--awb-margin-bottom-large:20px;--awb-spacing-left-large:3.84%;--awb-width-medium:50%;--awb-order-medium:1;--awb-spacing-right-medium:3.84%;--awb-spacing-left-medium:3.84%;--awb-width-small:100%;--awb-order-small:1;--awb-spacing-right-small:1.92%;--awb-spacing-left-small:1.92%;\"><div class=\"fusion-column-wrapper fusion-column-has-shadow fusion-flex-justify-content-flex-start fusion-content-layout-column\"><div class=\"fusion-testimonials clean awb-speech-bubble-show fusion-testimonials-1 qapter-stage-testimonial\" style=\"--awb-textcolor:var(--awb-color6);--awb-backgroundcolor:rgba(255,255,255,0);--awb-testimonial-border-style:solid;--awb-testimonial-border-color:var(--awb-color3);--awb-border-top-left-radius:0px;--awb-border-top-right-radius:0px;--awb-border-bottom-left-radius:0px;--awb-border-bottom-right-radius:0px;--testimonial-border-width-top:0px;--testimonial-border-width-right:0px;--testimonial-border-width-bottom:0px;--testimonial-border-width-left:0px;\" data-random=\"0\" data-speed=\"6000\"><div class=\"reviews\"><div class=\"review active-testimonial avatar-above no-avatar\"><blockquote class=\"testimonials-shortcode-blockquote\"><div class=\"awb-quote\"><div class=\"awb-quote-content\"><div class=\"fusion-title title fusion-title-2 fusion-title-center fusion-title-text fusion-title-size-three\" style=\"--awb-sep-color:var(--awb-color4);\"><div class=\"title-sep-container title-sep-container-left\"><div class=\"title-sep sep-single sep-solid\" style=\"border-color:var(--awb-color4);\"><\/div><\/div><span class=\"awb-title-spacer\"><\/span><h3 class=\"fusion-title-heading title-heading-center fusion-responsive-typography-calculated\" style=\"margin:0;text-transform:uppercase;--fontSize:28;line-height:var(--awb-typography1-line-height);\">R\u00c9CEPTION SMS<\/h3><span class=\"awb-title-spacer\"><\/span><div class=\"title-sep-container title-sep-container-right\"><div class=\"title-sep sep-single sep-solid\" style=\"border-color:var(--awb-color4);\"><\/div><\/div><\/div>\n<p style=\"text-align: center;\"><img decoding=\"async\" class=\"alignnone wp-image-7988 size-full\" src=\"https:\/\/www.qapter.com\/wp-content\/uploads\/2022\/10\/Insurance-Underwriting-Invitation.png\" alt=\"\" width=\"205\" height=\"422\" \/><\/p>\n<p style=\"text-align: center;\">Le conducteur re\u00e7oit un SMS l\u2019invitant \u00e0 prendre des photos du v\u00e9hicule lors de la souscription d\u2019une police d\u2019assurance ou de la d\u00e9claration d\u2019un sinistre<\/p>\n<\/div><\/div><\/blockquote><div class=\"author\"><span class=\"company-name\"><\/span><\/div><\/div><div class=\"review avatar-above no-avatar\"><blockquote class=\"testimonials-shortcode-blockquote\"><div class=\"awb-quote\"><div class=\"awb-quote-content\">\n<div class=\"fusion-title title fusion-title-3 fusion-title-center fusion-title-text fusion-title-size-three\" style=\"--awb-sep-color:var(--awb-color4);\"><div class=\"title-sep-container title-sep-container-left\"><div class=\"title-sep sep-single sep-solid\" style=\"border-color:var(--awb-color4);\"><\/div><\/div><span class=\"awb-title-spacer\"><\/span><h3 class=\"fusion-title-heading title-heading-center fusion-responsive-typography-calculated\" style=\"margin:0;text-transform:uppercase;--fontSize:28;line-height:var(--awb-typography1-line-height);\">INTELLIGENCE VISUELLE<\/h3><span class=\"awb-title-spacer\"><\/span><div class=\"title-sep-container title-sep-container-right\"><div class=\"title-sep sep-single sep-solid\" style=\"border-color:var(--awb-color4);\"><\/div><\/div><\/div>\n<p style=\"text-align: center;\"><img decoding=\"async\" class=\"alignnone wp-image-7989 size-full\" src=\"https:\/\/www.qapter.com\/wp-content\/uploads\/2021\/02\/app3-2.png\" alt=\"\" width=\"800\" height=\"500\" srcset=\"https:\/\/www.qapter.com\/wp-content\/uploads\/2021\/02\/app3-2-200x125.png 200w, https:\/\/www.qapter.com\/wp-content\/uploads\/2021\/02\/app3-2-300x188.png 300w, https:\/\/www.qapter.com\/wp-content\/uploads\/2021\/02\/app3-2-400x250.png 400w, https:\/\/www.qapter.com\/wp-content\/uploads\/2021\/02\/app3-2-600x375.png 600w, https:\/\/www.qapter.com\/wp-content\/uploads\/2021\/02\/app3-2-768x480.png 768w, https:\/\/www.qapter.com\/wp-content\/uploads\/2021\/02\/app3-2.png 800w\" sizes=\"(max-width: 800px) 100vw, 800px\" \/><\/p>\n<p style=\"text-align: center;\">Visual Intelligence de Solera g\u00e9n\u00e8re un rapport de dommages.<\/p>\n<\/div><\/div><\/blockquote><div class=\"author\"><span class=\"company-name\"><\/span><\/div><\/div><div class=\"review avatar-above no-avatar\"><blockquote class=\"testimonials-shortcode-blockquote\"><div class=\"awb-quote\"><div class=\"awb-quote-content\"><div class=\"fusion-title title fusion-title-4 fusion-title-center fusion-title-text fusion-title-size-three\" style=\"--awb-sep-color:var(--awb-color4);\"><div class=\"title-sep-container title-sep-container-left\"><div class=\"title-sep sep-single sep-solid\" style=\"border-color:var(--awb-color4);\"><\/div><\/div><span class=\"awb-title-spacer\"><\/span><h3 class=\"fusion-title-heading title-heading-center fusion-responsive-typography-calculated\" style=\"margin:0;text-transform:uppercase;--fontSize:28;line-height:var(--awb-typography1-line-height);\">RAPPORT<\/h3><span class=\"awb-title-spacer\"><\/span><div class=\"title-sep-container title-sep-container-right\"><div class=\"title-sep sep-single sep-solid\" style=\"border-color:var(--awb-color4);\"><\/div><\/div><\/div>\n<p style=\"text-align: center;\"><img decoding=\"async\" class=\"alignnone wp-image-7990 size-full\" src=\"https:\/\/www.qapter.com\/wp-content\/uploads\/2021\/02\/app3-3.png\" alt=\"\" width=\"800\" height=\"500\" srcset=\"https:\/\/www.qapter.com\/wp-content\/uploads\/2021\/02\/app3-3-200x125.png 200w, https:\/\/www.qapter.com\/wp-content\/uploads\/2021\/02\/app3-3-300x188.png 300w, https:\/\/www.qapter.com\/wp-content\/uploads\/2021\/02\/app3-3-400x250.png 400w, https:\/\/www.qapter.com\/wp-content\/uploads\/2021\/02\/app3-3-600x375.png 600w, https:\/\/www.qapter.com\/wp-content\/uploads\/2021\/02\/app3-3-768x480.png 768w, https:\/\/www.qapter.com\/wp-content\/uploads\/2021\/02\/app3-3.png 800w\" sizes=\"(max-width: 800px) 100vw, 800px\" \/><\/p>\n<p style=\"text-align: center;\">Ce rapport est ensuite disponible au format PDF ou via l\u2019API<\/p>\n<\/div><\/div><\/blockquote><div class=\"author\"><span class=\"company-name\"><\/span><\/div><\/div><\/div><div class=\"testimonial-pagination\" id=\"fusion-testimonials-1\"><a href=\"#\" aria-label=\"Testimonial Pagination\"  class=\"activeSlide\"><\/a><a href=\"#\" aria-label=\"Testimonial Pagination\" ><\/a><a href=\"#\" aria-label=\"Testimonial Pagination\" ><\/a><\/div><\/div><div class=\"fusion-separator fusion-full-width-sep\" style=\"align-self: center;margin-left: auto;margin-right: auto;margin-top:15px;margin-bottom:15px;width:100%;\"><\/div><div style=\"text-align:center;\"><a class=\"fusion-button button-flat button-large button-default fusion-button-default button-2 fusion-button-default-span fusion-button-default-type qapter-stage-button\" target=\"_self\" href=\"\/wp-content\/uploads\/2023\/03\/Qapter-Damage-Inspection-FR.pdf\"><span class=\"fusion-button-text awb-button__text awb-button__text--default\">PR\u00c9SENTATION DE LA SOLUTION<\/span><\/a><\/div><\/div><\/div><div class=\"fusion-layout-column fusion_builder_column fusion-builder-column-2 fusion_builder_column_1_2 1_2 fusion-flex-column\" style=\"--awb-bg-size:cover;--awb-width-large:50%;--awb-margin-top-large:0px;--awb-spacing-right-large:3.84%;--awb-margin-bottom-large:20px;--awb-spacing-left-large:3.84%;--awb-width-medium:50%;--awb-order-medium:0;--awb-spacing-right-medium:3.84%;--awb-spacing-left-medium:3.84%;--awb-width-small:100%;--awb-order-small:0;--awb-spacing-right-small:1.92%;--awb-spacing-left-small:1.92%;\"><div class=\"fusion-column-wrapper fusion-column-has-shadow fusion-flex-justify-content-flex-start fusion-content-layout-column\"><div class=\"fusion-title title fusion-title-5 fusion-sep-none fusion-title-text fusion-title-size-two\"><h2 class=\"fusion-title-heading title-heading-left fusion-responsive-typography-calculated\" style=\"margin:0;--fontSize:32;line-height:1.5;\">SOUSCRIPTION<\/h2><\/div><div class=\"fusion-text fusion-text-2\"><p>Am\u00e9liorez la visibilit\u00e9 de l\u2019\u00e9tat du v\u00e9hicule lors de la cr\u00e9ation du devis et de la mise en application de la police d&rsquo;assurance gr\u00e2ce \u00e0 la technologie d\u2019IA sur mobile, accessible en toute autonomie<\/p>\n<p><b>D\u00e9tection intelligente des dommages<\/b><\/p>\n<p>La d\u00e9tection intelligente des dommages de Qapter\u00ae utilise la technologie d&rsquo;Intelligence Visuelle de Solera pour identifier et documenter les dommages pr\u00e9existants lors de la prise d\u2019effet de la police d&rsquo;assurance. Ces informations sont utilis\u00e9es pour am\u00e9liorer la d\u00e9termination du risque lors de la souscription et garantir que seuls les nouveaux dommages soient chiffr\u00e9s en cas de sinistre.<\/p>\n<ul>\n<li>L&rsquo;intelligence artificielle est int\u00e9gr\u00e9e dans le flux de travail de l&rsquo;inspection des v\u00e9hicules par le biais de solutions API, ce qui r\u00e9duit les efforts d&rsquo;int\u00e9gration et les d\u00e9lais de mise sur le march\u00e9.<\/li>\n<li>Ind\u00e9pendant de la marque et du mod\u00e8le du v\u00e9hicule<\/li>\n<li>D\u00e9tection des dommages sur les pi\u00e8ces externes du v\u00e9hicule : les photos sont trait\u00e9es gr\u00e2ce \u00e0 l\u2019IA et les parties endommag\u00e9es sont mises en \u00e9vidence<\/li>\n<li>D\u00e9tection du type, de l\u2019emplacement et de la dimension du dommage<\/li>\n<li>G\u00e9n\u00e9ration automatique des r\u00e9sultats du chiffrage via l\u2019API, le rapport peut \u00eatre enregistr\u00e9 au format PDF<\/li>\n<li>Acc\u00e8s \u00e0 des donn\u00e9es de qualit\u00e9 et pr\u00e9cises, disponibles dans tous les parcs automobiles du monde<\/li>\n<\/ul>\n<\/div><div class=\"fusion-separator fusion-full-width-sep\" style=\"align-self: center;margin-left: auto;margin-right: auto;margin-top:20px;margin-bottom:0px;width:100%;\"><\/div><div class=\"fusion-content-boxes content-boxes columns row fusion-columns-3 fusion-columns-total-3 fusion-content-boxes-1 content-boxes-icon-on-top content-left qapter-content-boxes\" style=\"--awb-hover-accent-color:var(--awb-color4);--awb-circle-hover-accent-color:var(--awb-color4);\" data-animationOffset=\"top-into-view\"><div style=\"--awb-backgroundcolor:rgba(255,255,255,0);\" class=\"fusion-column content-box-column content-box-column content-box-column-1 col-lg-4 col-md-4 col-sm-4 fusion-content-box-hover content-box-column-first-in-row\"><div class=\"col content-box-wrapper content-wrapper link-area-link-icon content-icon-wrapper-yes icon-hover-animation-fade\" data-animationOffset=\"top-into-view\"><div class=\"heading heading-with-icon icon-left\"><div aria-hidden=\"true\" class=\"image\"><img decoding=\"async\" src=\"http:\/\/www.qapter.com\/wp-content\/uploads\/2022\/07\/qapter-icon-expenses.svg\" width=\"84\" height=\"74.67\" alt=\"\" \/><\/div><h2 class=\"content-box-heading fusion-responsive-typography-calculated\" style=\"--h2_typography-font-size:24px;--fontSize:24;line-height:1.5;\">80% de r\u00e9duction<\/h2><\/div><div class=\"fusion-clearfix\"><\/div><div class=\"content-container\">des d\u00e9penses<\/div><\/div><\/div><div style=\"--awb-backgroundcolor:rgba(255,255,255,0);\" class=\"fusion-column content-box-column content-box-column content-box-column-2 col-lg-4 col-md-4 col-sm-4 fusion-content-box-hover \"><div class=\"col content-box-wrapper content-wrapper link-area-link-icon content-icon-wrapper-yes icon-hover-animation-fade\" data-animationOffset=\"top-into-view\"><div class=\"heading heading-with-icon icon-left\"><div aria-hidden=\"true\" class=\"image\"><img decoding=\"async\" src=\"http:\/\/www.qapter.com\/wp-content\/uploads\/2022\/07\/qapter-icon-accident-damage.svg\" width=\"83\" height=\"75.55\" alt=\"\" \/><\/div><h2 class=\"content-box-heading fusion-responsive-typography-calculated\" style=\"--h2_typography-font-size:24px;--fontSize:24;line-height:1.5;\">Plus de contr\u00f4le<\/h2><\/div><div class=\"fusion-clearfix\"><\/div><div class=\"content-container\">\n<p>sur les d\u00e9penses li\u00e9es aux dommages ant\u00e9rieurs au sinistre<\/p>\n<\/div><\/div><\/div><div style=\"--awb-backgroundcolor:rgba(255,255,255,0);\" class=\"fusion-column content-box-column content-box-column content-box-column-3 col-lg-4 col-md-4 col-sm-4 fusion-content-box-hover content-box-column-last content-box-column-last-in-row\"><div class=\"col content-box-wrapper content-wrapper link-area-link-icon content-icon-wrapper-yes icon-hover-animation-fade\" data-animationOffset=\"top-into-view\"><div class=\"heading heading-with-icon icon-left\"><div aria-hidden=\"true\" class=\"image\"><img decoding=\"async\" src=\"http:\/\/www.qapter.com\/wp-content\/uploads\/2022\/07\/qapter-icon-accurate.svg\" width=\"75\" height=\"63.46\" alt=\"\" \/><\/div><\/div><div class=\"fusion-clearfix\"><\/div><div class=\"content-container\">\n<p>Un examen <strong>pr\u00e9cis<\/strong> des dommages qui s\u2019am\u00e9liore par l\u2019entrainement de l\u2019IA<\/p>\n<\/div><\/div><\/div><div class=\"fusion-clearfix\"><\/div><\/div><\/div><\/div><\/div><\/div><\/p>\n","protected":false},"excerpt":{"rendered":"","protected":false},"author":7,"featured_media":0,"parent":11951,"menu_order":0,"comment_status":"closed","ping_status":"closed","template":"100-width.php","meta":{"_acf_changed":false,"inline_featured_image":false,"footnotes":""},"class_list":["post-11978","page","type-page","status-publish","hentry"],"acf":[],"yoast_head":"<!-- This site is optimized with the Yoast SEO plugin v27.2 - https:\/\/yoast.com\/product\/yoast-seo-wordpress\/ -->\n<title>AI Insurance Underwriting Software | Qapter<\/title>\n<meta name=\"description\" content=\"La d\u00e9tection intelligente des dommages de Qapter\u00ae utilise la technologie d&#039;Intelligence Visuelle de Solera pour identifier et documenter les dommages pr\u00e9existants lors de la prise d\u2019effet de la police d&#039;assurance.\" \/>\n<meta name=\"robots\" content=\"index, follow, max-snippet:-1, max-image-preview:large, max-video-preview:-1\" \/>\n<link rel=\"canonical\" href=\"https:\/\/www.qapter.com\/fr\/solutions\/souscription\/\" \/>\n<meta property=\"og:locale\" content=\"fr_FR\" \/>\n<meta property=\"og:type\" content=\"article\" \/>\n<meta property=\"og:title\" content=\"AI Insurance Underwriting Software | Qapter\" \/>\n<meta property=\"og:description\" content=\"La d\u00e9tection intelligente des dommages de Qapter\u00ae utilise la technologie d&#039;Intelligence Visuelle de Solera pour identifier et documenter les dommages pr\u00e9existants lors de la prise d\u2019effet de la police d&#039;assurance.\" \/>\n<meta property=\"og:url\" content=\"https:\/\/www.qapter.com\/fr\/solutions\/souscription\/\" \/>\n<meta property=\"og:site_name\" content=\"Qapter\" \/>\n<meta property=\"article:modified_time\" content=\"2023-04-12T08:12:08+00:00\" \/>\n<meta property=\"og:image\" content=\"https:\/\/www.qapter.com\/wp-content\/uploads\/2022\/10\/Insurance-Underwriting-Invitation.png\" \/>\n<meta name=\"twitter:card\" content=\"summary_large_image\" \/>\n<meta name=\"twitter:label1\" content=\"Dur\u00e9e de lecture estim\u00e9e\" \/>\n\t<meta name=\"twitter:data1\" content=\"8 minutes\" \/>\n<script type=\"application\/ld+json\" class=\"yoast-schema-graph\">{\"@context\":\"https:\/\/schema.org\",\"@graph\":[{\"@type\":\"WebPage\",\"@id\":\"https:\/\/www.qapter.com\/fr\/solutions\/souscription\/\",\"url\":\"https:\/\/www.qapter.com\/fr\/solutions\/souscription\/\",\"name\":\"AI Insurance Underwriting Software | Qapter\",\"isPartOf\":{\"@id\":\"\/#website\"},\"primaryImageOfPage\":{\"@id\":\"https:\/\/www.qapter.com\/fr\/solutions\/souscription\/#primaryimage\"},\"image\":{\"@id\":\"https:\/\/www.qapter.com\/fr\/solutions\/souscription\/#primaryimage\"},\"thumbnailUrl\":\"https:\/\/www.qapter.com\/wp-content\/uploads\/2022\/10\/Insurance-Underwriting-Invitation.png\",\"datePublished\":\"2021-02-23T15:25:55+00:00\",\"dateModified\":\"2023-04-12T08:12:08+00:00\",\"description\":\"La d\u00e9tection intelligente des dommages de Qapter\u00ae utilise la technologie d'Intelligence Visuelle de Solera pour identifier et documenter les dommages pr\u00e9existants lors de la prise d\u2019effet de la police d'assurance.\",\"breadcrumb\":{\"@id\":\"https:\/\/www.qapter.com\/fr\/solutions\/souscription\/#breadcrumb\"},\"inLanguage\":\"fr-FR\",\"potentialAction\":[{\"@type\":\"ReadAction\",\"target\":[\"https:\/\/www.qapter.com\/fr\/solutions\/souscription\/\"]}]},{\"@type\":\"ImageObject\",\"inLanguage\":\"fr-FR\",\"@id\":\"https:\/\/www.qapter.com\/fr\/solutions\/souscription\/#primaryimage\",\"url\":\"https:\/\/www.qapter.com\/wp-content\/uploads\/2022\/10\/Insurance-Underwriting-Invitation.png\",\"contentUrl\":\"https:\/\/www.qapter.com\/wp-content\/uploads\/2022\/10\/Insurance-Underwriting-Invitation.png\"},{\"@type\":\"BreadcrumbList\",\"@id\":\"https:\/\/www.qapter.com\/fr\/solutions\/souscription\/#breadcrumb\",\"itemListElement\":[{\"@type\":\"ListItem\",\"position\":1,\"name\":\"Home\",\"item\":\"https:\/\/www.qapter.com\/fr\/\"},{\"@type\":\"ListItem\",\"position\":2,\"name\":\"Solutions\",\"item\":\"https:\/\/www.qapter.com\/fr\/solutions\/\"},{\"@type\":\"ListItem\",\"position\":3,\"name\":\"SOUSCRIPTION\"}]},{\"@type\":\"WebSite\",\"@id\":\"\/#website\",\"url\":\"\/\",\"name\":\"Qapter\",\"description\":\"Qapter: The future of claims\",\"publisher\":{\"@id\":\"\/#organization\"},\"potentialAction\":[{\"@type\":\"SearchAction\",\"target\":{\"@type\":\"EntryPoint\",\"urlTemplate\":\"\/?s={search_term_string}\"},\"query-input\":{\"@type\":\"PropertyValueSpecification\",\"valueRequired\":true,\"valueName\":\"search_term_string\"}}],\"inLanguage\":\"fr-FR\"},{\"@type\":\"Organization\",\"@id\":\"\/#organization\",\"name\":\"Solera Holdings Inc.\",\"url\":\"\/\",\"logo\":{\"@type\":\"ImageObject\",\"inLanguage\":\"fr-FR\",\"@id\":\"\/#\/schema\/logo\/image\/\",\"url\":\"https:\/\/qapter.wpengine.com\/wp-content\/uploads\/2019\/09\/SoleraLogo-1.png\",\"contentUrl\":\"https:\/\/qapter.wpengine.com\/wp-content\/uploads\/2019\/09\/SoleraLogo-1.png\",\"width\":512,\"height\":251,\"caption\":\"Solera Holdings Inc.\"},\"image\":{\"@id\":\"\/#\/schema\/logo\/image\/\"}}]}<\/script>\n<!-- \/ Yoast SEO plugin. -->","yoast_head_json":{"title":"AI Insurance Underwriting Software | Qapter","description":"La d\u00e9tection intelligente des dommages de Qapter\u00ae utilise la technologie d'Intelligence Visuelle de Solera pour identifier et documenter les dommages pr\u00e9existants lors de la prise d\u2019effet de la police d'assurance.","robots":{"index":"index","follow":"follow","max-snippet":"max-snippet:-1","max-image-preview":"max-image-preview:large","max-video-preview":"max-video-preview:-1"},"canonical":"https:\/\/www.qapter.com\/fr\/solutions\/souscription\/","og_locale":"fr_FR","og_type":"article","og_title":"AI Insurance Underwriting Software | Qapter","og_description":"La d\u00e9tection intelligente des dommages de Qapter\u00ae utilise la technologie d'Intelligence Visuelle de Solera pour identifier et documenter les dommages pr\u00e9existants lors de la prise d\u2019effet de la police d'assurance.","og_url":"https:\/\/www.qapter.com\/fr\/solutions\/souscription\/","og_site_name":"Qapter","article_modified_time":"2023-04-12T08:12:08+00:00","og_image":[{"url":"https:\/\/www.qapter.com\/wp-content\/uploads\/2022\/10\/Insurance-Underwriting-Invitation.png","type":"","width":"","height":""}],"twitter_card":"summary_large_image","twitter_misc":{"Dur\u00e9e de lecture estim\u00e9e":"8 minutes"},"schema":{"@context":"https:\/\/schema.org","@graph":[{"@type":"WebPage","@id":"https:\/\/www.qapter.com\/fr\/solutions\/souscription\/","url":"https:\/\/www.qapter.com\/fr\/solutions\/souscription\/","name":"AI Insurance Underwriting Software | Qapter","isPartOf":{"@id":"\/#website"},"primaryImageOfPage":{"@id":"https:\/\/www.qapter.com\/fr\/solutions\/souscription\/#primaryimage"},"image":{"@id":"https:\/\/www.qapter.com\/fr\/solutions\/souscription\/#primaryimage"},"thumbnailUrl":"https:\/\/www.qapter.com\/wp-content\/uploads\/2022\/10\/Insurance-Underwriting-Invitation.png","datePublished":"2021-02-23T15:25:55+00:00","dateModified":"2023-04-12T08:12:08+00:00","description":"La d\u00e9tection intelligente des dommages de Qapter\u00ae utilise la technologie d'Intelligence Visuelle de Solera pour identifier et documenter les dommages pr\u00e9existants lors de la prise d\u2019effet de la police d'assurance.","breadcrumb":{"@id":"https:\/\/www.qapter.com\/fr\/solutions\/souscription\/#breadcrumb"},"inLanguage":"fr-FR","potentialAction":[{"@type":"ReadAction","target":["https:\/\/www.qapter.com\/fr\/solutions\/souscription\/"]}]},{"@type":"ImageObject","inLanguage":"fr-FR","@id":"https:\/\/www.qapter.com\/fr\/solutions\/souscription\/#primaryimage","url":"https:\/\/www.qapter.com\/wp-content\/uploads\/2022\/10\/Insurance-Underwriting-Invitation.png","contentUrl":"https:\/\/www.qapter.com\/wp-content\/uploads\/2022\/10\/Insurance-Underwriting-Invitation.png"},{"@type":"BreadcrumbList","@id":"https:\/\/www.qapter.com\/fr\/solutions\/souscription\/#breadcrumb","itemListElement":[{"@type":"ListItem","position":1,"name":"Home","item":"https:\/\/www.qapter.com\/fr\/"},{"@type":"ListItem","position":2,"name":"Solutions","item":"https:\/\/www.qapter.com\/fr\/solutions\/"},{"@type":"ListItem","position":3,"name":"SOUSCRIPTION"}]},{"@type":"WebSite","@id":"\/#website","url":"\/","name":"Qapter","description":"Qapter: The future of claims","publisher":{"@id":"\/#organization"},"potentialAction":[{"@type":"SearchAction","target":{"@type":"EntryPoint","urlTemplate":"\/?s={search_term_string}"},"query-input":{"@type":"PropertyValueSpecification","valueRequired":true,"valueName":"search_term_string"}}],"inLanguage":"fr-FR"},{"@type":"Organization","@id":"\/#organization","name":"Solera Holdings Inc.","url":"\/","logo":{"@type":"ImageObject","inLanguage":"fr-FR","@id":"\/#\/schema\/logo\/image\/","url":"https:\/\/qapter.wpengine.com\/wp-content\/uploads\/2019\/09\/SoleraLogo-1.png","contentUrl":"https:\/\/qapter.wpengine.com\/wp-content\/uploads\/2019\/09\/SoleraLogo-1.png","width":512,"height":251,"caption":"Solera Holdings Inc."},"image":{"@id":"\/#\/schema\/logo\/image\/"}}]}},"_links":{"self":[{"href":"https:\/\/www.qapter.com\/fr\/wp-json\/wp\/v2\/pages\/11978","targetHints":{"allow":["GET"]}}],"collection":[{"href":"https:\/\/www.qapter.com\/fr\/wp-json\/wp\/v2\/pages"}],"about":[{"href":"https:\/\/www.qapter.com\/fr\/wp-json\/wp\/v2\/types\/page"}],"author":[{"embeddable":true,"href":"https:\/\/www.qapter.com\/fr\/wp-json\/wp\/v2\/users\/7"}],"replies":[{"embeddable":true,"href":"https:\/\/www.qapter.com\/fr\/wp-json\/wp\/v2\/comments?post=11978"}],"version-history":[{"count":0,"href":"https:\/\/www.qapter.com\/fr\/wp-json\/wp\/v2\/pages\/11978\/revisions"}],"up":[{"embeddable":true,"href":"https:\/\/www.qapter.com\/fr\/wp-json\/wp\/v2\/pages\/11951"}],"wp:attachment":[{"href":"https:\/\/www.qapter.com\/fr\/wp-json\/wp\/v2\/media?parent=11978"}],"curies":[{"name":"wp","href":"https:\/\/api.w.org\/{rel}","templated":true}]}}