{"id":11973,"date":"2021-02-18T04:26:12","date_gmt":"2021-02-18T10:26:12","guid":{"rendered":"https:\/\/qapterstage.wpengine.com\/loesungen\/versicherungen\/"},"modified":"2023-03-09T23:52:12","modified_gmt":"2023-03-10T05:52:12","slug":"versicherungen","status":"publish","type":"page","link":"https:\/\/www.qapter.com\/de\/loesungen\/versicherungen\/","title":{"rendered":"Versicherungen"},"content":{"rendered":"<p><div class=\"fusion-fullwidth fullwidth-box fusion-builder-row-1 fusion-flex-container fusion-parallax-none nonhundred-percent-fullwidth non-hundred-percent-height-scrolling\" style=\"--awb-border-radius-top-left:0px;--awb-border-radius-top-right:0px;--awb-border-radius-bottom-right:0px;--awb-border-radius-bottom-left:0px;--awb-min-height:320px;--awb-min-height-medium:280px;--awb-min-height-small:240px;--awb-background-image:linear-gradient(90deg, var(--awb-custom_color_2) 0%,rgba(255,255,255,0) 100%),url(http:\/\/www.qapter.com\/wp-content\/uploads\/2021\/02\/insurance-acessor.jpg);;--awb-background-size:cover;--awb-flex-wrap:wrap;\" ><div class=\"fusion-builder-row fusion-row fusion-flex-align-items-center fusion-flex-content-wrap\" style=\"max-width:1456px;margin-left: calc(-4% \/ 2 );margin-right: calc(-4% \/ 2 );\"><div class=\"fusion-layout-column fusion_builder_column fusion-builder-column-0 fusion_builder_column_1_2 1_2 fusion-flex-column\" style=\"--awb-bg-size:cover;--awb-width-large:50%;--awb-margin-top-large:0px;--awb-spacing-right-large:3.84%;--awb-margin-bottom-large:20px;--awb-spacing-left-large:3.84%;--awb-width-medium:50%;--awb-order-medium:0;--awb-spacing-right-medium:3.84%;--awb-spacing-left-medium:3.84%;--awb-width-small:100%;--awb-order-small:0;--awb-spacing-right-small:1.92%;--awb-spacing-left-small:1.92%;\"><div class=\"fusion-column-wrapper fusion-column-has-shadow fusion-flex-justify-content-flex-start fusion-content-layout-column\"><div class=\"fusion-title title fusion-title-1 fusion-sep-none fusion-title-text fusion-title-size-one\" style=\"--awb-text-color:var(--awb-color1);\"><h1 class=\"fusion-title-heading title-heading-left fusion-responsive-typography-calculated\" style=\"margin:0;--fontSize:48;line-height:var(--awb-typography1-line-height);\">VERSICHERUNGEN<\/h1><\/div><div class=\"fusion-text fusion-text-1\" style=\"--awb-font-size:20px;--awb-text-color:var(--awb-color1);\"><p>Mit Qapter wird k\u00fcnstliche Intelligenz (KI) in der Versicherungsbranche Wirklichkeit \u2013 vom Versicherungsabschluss bis zur Schadenmeldung zum Leben f\u00fcr die Versicherungsbranche aus Beginn der Politik zu beanspruchen<\/p>\n<\/div><div ><a class=\"fusion-button button-flat fusion-button-default-size button-default fusion-button-default button-1 fusion-button-default-span fusion-button-default-type\" target=\"_self\" href=\"https:\/\/www.qapter.com\/de\/loesungen\/versicherungen\/schadenregulierung\/\"><span class=\"fusion-button-text awb-button__text awb-button__text--default\">DEMOVERSION ANFORDERN<\/span><\/a><\/div><\/div><\/div><\/div><\/div><div class=\"fusion-fullwidth fullwidth-box fusion-builder-row-2 fusion-flex-container nonhundred-percent-fullwidth non-hundred-percent-height-scrolling\" style=\"--awb-border-radius-top-left:0px;--awb-border-radius-top-right:0px;--awb-border-radius-bottom-right:0px;--awb-border-radius-bottom-left:0px;--awb-background-color:var(--awb-color1);--awb-flex-wrap:wrap;\" ><div class=\"fusion-builder-row fusion-row fusion-flex-align-items-stretch fusion-flex-content-wrap\" style=\"max-width:1456px;margin-left: calc(-4% \/ 2 );margin-right: calc(-4% \/ 2 );\"><div class=\"fusion-layout-column fusion_builder_column fusion-builder-column-1 fusion_builder_column_1_2 1_2 fusion-flex-column\" style=\"--awb-padding-top:30px;--awb-padding-right:30px;--awb-padding-bottom:30px;--awb-padding-left:30px;--awb-bg-color:var(--awb-custom_color_1);--awb-bg-color-hover:var(--awb-custom_color_1);--awb-bg-size:cover;--awb-width-large:50%;--awb-margin-top-large:0px;--awb-spacing-right-large:3.84%;--awb-margin-bottom-large:20px;--awb-spacing-left-large:3.84%;--awb-width-medium:50%;--awb-order-medium:0;--awb-spacing-right-medium:3.84%;--awb-spacing-left-medium:3.84%;--awb-width-small:100%;--awb-order-small:0;--awb-spacing-right-small:1.92%;--awb-spacing-left-small:1.92%;\"><div class=\"fusion-column-wrapper fusion-column-has-shadow fusion-flex-justify-content-space-evenly fusion-content-layout-column\"><div class=\"fusion-title title fusion-title-2 fusion-sep-none fusion-title-text fusion-title-size-two\"><h2 class=\"fusion-title-heading title-heading-left fusion-responsive-typography-calculated\" style=\"margin:0;--fontSize:32;line-height:1.5;\">SCHADENREGULIERUNG<\/h2><\/div><div class=\"fusion-text fusion-text-2\"><p>Von der Schadenerstmeldung bis zur vollst\u00e4ndigen Abwicklung bieten wir eine Reihe KI-gest\u00fctzter L\u00f6sungen, mit denen Versicherer Entscheidungen beschleunigen, Bearbeitungskosten senken und Schadenf\u00e4lle schneller als je zuvor abwickeln k\u00f6nnen.<\/p>\n<\/div><div class=\"fusion-image-element \" style=\"--awb-caption-title-font-family:var(--h2_typography-font-family);--awb-caption-title-font-weight:var(--h2_typography-font-weight);--awb-caption-title-font-style:var(--h2_typography-font-style);--awb-caption-title-size:var(--h2_typography-font-size);--awb-caption-title-transform:var(--h2_typography-text-transform);--awb-caption-title-line-height:var(--h2_typography-line-height);--awb-caption-title-letter-spacing:var(--h2_typography-letter-spacing);\"><span class=\" fusion-imageframe imageframe-none imageframe-1 hover-type-none\"><img decoding=\"async\" width=\"1200\" height=\"800\" title=\"claims\" src=\"https:\/\/qapter.wpengine.com\/wp-content\/uploads\/2021\/02\/claims.jpg\" alt class=\"img-responsive wp-image-10215\" srcset=\"https:\/\/www.qapter.com\/wp-content\/uploads\/2021\/02\/claims-200x133.jpg 200w, https:\/\/www.qapter.com\/wp-content\/uploads\/2021\/02\/claims-400x267.jpg 400w, https:\/\/www.qapter.com\/wp-content\/uploads\/2021\/02\/claims-600x400.jpg 600w, https:\/\/www.qapter.com\/wp-content\/uploads\/2021\/02\/claims-800x533.jpg 800w, https:\/\/www.qapter.com\/wp-content\/uploads\/2021\/02\/claims.jpg 1200w\" sizes=\"(max-width: 640px) 100vw, 600px\" \/><\/span><\/div><div class=\"fusion-separator fusion-full-width-sep\" style=\"align-self: center;margin-left: auto;margin-right: auto;margin-top:15px;margin-bottom:15px;width:100%;\"><\/div><div ><a class=\"fusion-button button-flat fusion-button-default-size button-default fusion-button-default button-2 fusion-button-default-span fusion-button-default-type\" target=\"_self\" href=\"https:\/\/www.qapter.com\/de\/loesungen\/versicherungen\/schadenregulierung\/\"><span class=\"fusion-button-text awb-button__text awb-button__text--default\">ERFAHREN SIE MEHR<\/span><\/a><\/div><\/div><\/div><div class=\"fusion-layout-column fusion_builder_column fusion-builder-column-2 fusion_builder_column_1_2 1_2 fusion-flex-column\" style=\"--awb-padding-top:30px;--awb-padding-right:30px;--awb-padding-bottom:30px;--awb-padding-left:30px;--awb-bg-color:var(--awb-custom_color_1);--awb-bg-color-hover:var(--awb-custom_color_1);--awb-bg-size:cover;--awb-width-large:50%;--awb-margin-top-large:0px;--awb-spacing-right-large:3.84%;--awb-margin-bottom-large:20px;--awb-spacing-left-large:3.84%;--awb-width-medium:50%;--awb-order-medium:0;--awb-spacing-right-medium:3.84%;--awb-spacing-left-medium:3.84%;--awb-width-small:100%;--awb-order-small:0;--awb-spacing-right-small:1.92%;--awb-spacing-left-small:1.92%;\"><div class=\"fusion-column-wrapper fusion-column-has-shadow fusion-flex-justify-content-space-evenly fusion-content-layout-column\"><div class=\"fusion-title title fusion-title-3 fusion-sep-none fusion-title-text fusion-title-size-two\"><h2 class=\"fusion-title-heading title-heading-left fusion-responsive-typography-calculated\" style=\"margin:0;--fontSize:32;line-height:1.5;\">UNDERWRITING<\/h2><\/div><div class=\"fusion-text fusion-text-3\"><p>Unsere auf visueller Intelligenz basierenden L\u00f6sungen erm\u00f6glichen Versicherern, den Prozess der Fahrzeugbegutachtung bei Angebotserstellung bzw. bei Vertragsabschluss zu digitalisieren und so die Pr\u00fcfkosten zu senken und potenzielle betr\u00fcgerische Schadenmeldungen zu vermeiden.<\/p>\n<\/div><div class=\"fusion-image-element \" style=\"--awb-caption-title-font-family:var(--h2_typography-font-family);--awb-caption-title-font-weight:var(--h2_typography-font-weight);--awb-caption-title-font-style:var(--h2_typography-font-style);--awb-caption-title-size:var(--h2_typography-font-size);--awb-caption-title-transform:var(--h2_typography-text-transform);--awb-caption-title-line-height:var(--h2_typography-line-height);--awb-caption-title-letter-spacing:var(--h2_typography-letter-spacing);\"><span class=\" fusion-imageframe imageframe-none imageframe-2 hover-type-none\"><img decoding=\"async\" width=\"2560\" height=\"1707\" title=\"GettyImages-908800994-underwriting\" src=\"https:\/\/qapter.wpengine.com\/wp-content\/uploads\/2021\/02\/GettyImages-908800994-underwriting-scaled.jpg\" alt class=\"img-responsive wp-image-10221\" srcset=\"https:\/\/www.qapter.com\/wp-content\/uploads\/2021\/02\/GettyImages-908800994-underwriting-200x133.jpg 200w, https:\/\/www.qapter.com\/wp-content\/uploads\/2021\/02\/GettyImages-908800994-underwriting-400x267.jpg 400w, https:\/\/www.qapter.com\/wp-content\/uploads\/2021\/02\/GettyImages-908800994-underwriting-600x400.jpg 600w, https:\/\/www.qapter.com\/wp-content\/uploads\/2021\/02\/GettyImages-908800994-underwriting-800x533.jpg 800w, https:\/\/www.qapter.com\/wp-content\/uploads\/2021\/02\/GettyImages-908800994-underwriting-1200x800.jpg 1200w, https:\/\/www.qapter.com\/wp-content\/uploads\/2021\/02\/GettyImages-908800994-underwriting-scaled.jpg 2560w\" sizes=\"(max-width: 640px) 100vw, 600px\" \/><\/span><\/div><div class=\"fusion-separator fusion-full-width-sep\" style=\"align-self: center;margin-left: auto;margin-right: auto;margin-top:15px;margin-bottom:15px;width:100%;\"><\/div><div ><a class=\"fusion-button button-flat fusion-button-default-size button-default fusion-button-default button-3 fusion-button-default-span fusion-button-default-type\" target=\"_self\" href=\"https:\/\/www.qapter.com\/de\/loesungen\/versicherungen\/underwriting\/\"><span class=\"fusion-button-text awb-button__text awb-button__text--default\">ERFAHREN SIE MEHR<\/span><\/a><\/div><\/div><\/div><\/div><\/div><\/p>\n","protected":false},"excerpt":{"rendered":"","protected":false},"author":7,"featured_media":0,"parent":11949,"menu_order":0,"comment_status":"closed","ping_status":"closed","template":"100-width.php","meta":{"_acf_changed":false,"inline_featured_image":false,"footnotes":""},"class_list":["post-11973","page","type-page","status-publish","hentry"],"acf":[],"yoast_head":"<!-- This site is optimized with the Yoast SEO plugin v27.2 - https:\/\/yoast.com\/product\/yoast-seo-wordpress\/ -->\n<title>AI Insurance Claims &amp; Underwriting Software | Qapter<\/title>\n<meta name=\"description\" content=\"AI powered intelligent damage detection &amp; intelligent estimating from Guided Image Capture for the collision repair &amp; insurance industries\" \/>\n<meta name=\"robots\" content=\"index, follow, max-snippet:-1, max-image-preview:large, max-video-preview:-1\" \/>\n<link rel=\"canonical\" href=\"https:\/\/www.qapter.com\/de\/loesungen\/versicherungen\/\" \/>\n<meta property=\"og:locale\" content=\"de_DE\" \/>\n<meta property=\"og:type\" content=\"article\" \/>\n<meta property=\"og:title\" content=\"AI Insurance Claims &amp; Underwriting Software | Qapter\" \/>\n<meta property=\"og:description\" content=\"AI powered intelligent damage detection &amp; intelligent estimating from Guided Image Capture for the collision repair &amp; insurance industries\" \/>\n<meta property=\"og:url\" content=\"https:\/\/www.qapter.com\/de\/loesungen\/versicherungen\/\" \/>\n<meta property=\"og:site_name\" content=\"Qapter\" \/>\n<meta property=\"article:modified_time\" content=\"2023-03-10T05:52:12+00:00\" \/>\n<meta name=\"twitter:card\" content=\"summary_large_image\" \/>\n<meta name=\"twitter:label1\" content=\"Gesch\u00e4tzte Lesezeit\" \/>\n\t<meta name=\"twitter:data1\" content=\"6 Minuten\" \/>\n<script type=\"application\/ld+json\" class=\"yoast-schema-graph\">{\"@context\":\"https:\/\/schema.org\",\"@graph\":[{\"@type\":\"WebPage\",\"@id\":\"https:\/\/www.qapter.com\/de\/loesungen\/versicherungen\/\",\"url\":\"https:\/\/www.qapter.com\/de\/loesungen\/versicherungen\/\",\"name\":\"AI Insurance Claims & Underwriting Software | Qapter\",\"isPartOf\":{\"@id\":\"\/#website\"},\"datePublished\":\"2021-02-18T10:26:12+00:00\",\"dateModified\":\"2023-03-10T05:52:12+00:00\",\"description\":\"AI powered intelligent damage detection & intelligent estimating from Guided Image Capture for the collision repair & insurance industries\",\"breadcrumb\":{\"@id\":\"https:\/\/www.qapter.com\/de\/loesungen\/versicherungen\/#breadcrumb\"},\"inLanguage\":\"de-DE\",\"potentialAction\":[{\"@type\":\"ReadAction\",\"target\":[\"https:\/\/www.qapter.com\/de\/loesungen\/versicherungen\/\"]}]},{\"@type\":\"BreadcrumbList\",\"@id\":\"https:\/\/www.qapter.com\/de\/loesungen\/versicherungen\/#breadcrumb\",\"itemListElement\":[{\"@type\":\"ListItem\",\"position\":1,\"name\":\"Home\",\"item\":\"https:\/\/www.qapter.com\/de\/\"},{\"@type\":\"ListItem\",\"position\":2,\"name\":\"L\u00f6sungen\",\"item\":\"https:\/\/www.qapter.com\/de\/solutions\/\"},{\"@type\":\"ListItem\",\"position\":3,\"name\":\"Versicherungen\"}]},{\"@type\":\"WebSite\",\"@id\":\"\/#website\",\"url\":\"\/\",\"name\":\"Qapter\",\"description\":\"Qapter: The future of claims\",\"publisher\":{\"@id\":\"\/#organization\"},\"potentialAction\":[{\"@type\":\"SearchAction\",\"target\":{\"@type\":\"EntryPoint\",\"urlTemplate\":\"\/?s={search_term_string}\"},\"query-input\":{\"@type\":\"PropertyValueSpecification\",\"valueRequired\":true,\"valueName\":\"search_term_string\"}}],\"inLanguage\":\"de-DE\"},{\"@type\":\"Organization\",\"@id\":\"\/#organization\",\"name\":\"Solera Holdings Inc.\",\"url\":\"\/\",\"logo\":{\"@type\":\"ImageObject\",\"inLanguage\":\"de-DE\",\"@id\":\"\/#\/schema\/logo\/image\/\",\"url\":\"https:\/\/qapter.wpengine.com\/wp-content\/uploads\/2019\/09\/SoleraLogo-1.png\",\"contentUrl\":\"https:\/\/qapter.wpengine.com\/wp-content\/uploads\/2019\/09\/SoleraLogo-1.png\",\"width\":512,\"height\":251,\"caption\":\"Solera Holdings Inc.\"},\"image\":{\"@id\":\"\/#\/schema\/logo\/image\/\"}}]}<\/script>\n<!-- \/ Yoast SEO plugin. -->","yoast_head_json":{"title":"AI Insurance Claims & Underwriting Software | Qapter","description":"AI powered intelligent damage detection & intelligent estimating from Guided Image Capture for the collision repair & insurance industries","robots":{"index":"index","follow":"follow","max-snippet":"max-snippet:-1","max-image-preview":"max-image-preview:large","max-video-preview":"max-video-preview:-1"},"canonical":"https:\/\/www.qapter.com\/de\/loesungen\/versicherungen\/","og_locale":"de_DE","og_type":"article","og_title":"AI Insurance Claims & Underwriting Software | Qapter","og_description":"AI powered intelligent damage detection & intelligent estimating from Guided Image Capture for the collision repair & insurance industries","og_url":"https:\/\/www.qapter.com\/de\/loesungen\/versicherungen\/","og_site_name":"Qapter","article_modified_time":"2023-03-10T05:52:12+00:00","twitter_card":"summary_large_image","twitter_misc":{"Gesch\u00e4tzte Lesezeit":"6 Minuten"},"schema":{"@context":"https:\/\/schema.org","@graph":[{"@type":"WebPage","@id":"https:\/\/www.qapter.com\/de\/loesungen\/versicherungen\/","url":"https:\/\/www.qapter.com\/de\/loesungen\/versicherungen\/","name":"AI Insurance Claims & Underwriting Software | Qapter","isPartOf":{"@id":"\/#website"},"datePublished":"2021-02-18T10:26:12+00:00","dateModified":"2023-03-10T05:52:12+00:00","description":"AI powered intelligent damage detection & intelligent estimating from Guided Image Capture for the collision repair & insurance industries","breadcrumb":{"@id":"https:\/\/www.qapter.com\/de\/loesungen\/versicherungen\/#breadcrumb"},"inLanguage":"de-DE","potentialAction":[{"@type":"ReadAction","target":["https:\/\/www.qapter.com\/de\/loesungen\/versicherungen\/"]}]},{"@type":"BreadcrumbList","@id":"https:\/\/www.qapter.com\/de\/loesungen\/versicherungen\/#breadcrumb","itemListElement":[{"@type":"ListItem","position":1,"name":"Home","item":"https:\/\/www.qapter.com\/de\/"},{"@type":"ListItem","position":2,"name":"L\u00f6sungen","item":"https:\/\/www.qapter.com\/de\/solutions\/"},{"@type":"ListItem","position":3,"name":"Versicherungen"}]},{"@type":"WebSite","@id":"\/#website","url":"\/","name":"Qapter","description":"Qapter: The future of claims","publisher":{"@id":"\/#organization"},"potentialAction":[{"@type":"SearchAction","target":{"@type":"EntryPoint","urlTemplate":"\/?s={search_term_string}"},"query-input":{"@type":"PropertyValueSpecification","valueRequired":true,"valueName":"search_term_string"}}],"inLanguage":"de-DE"},{"@type":"Organization","@id":"\/#organization","name":"Solera Holdings Inc.","url":"\/","logo":{"@type":"ImageObject","inLanguage":"de-DE","@id":"\/#\/schema\/logo\/image\/","url":"https:\/\/qapter.wpengine.com\/wp-content\/uploads\/2019\/09\/SoleraLogo-1.png","contentUrl":"https:\/\/qapter.wpengine.com\/wp-content\/uploads\/2019\/09\/SoleraLogo-1.png","width":512,"height":251,"caption":"Solera Holdings Inc."},"image":{"@id":"\/#\/schema\/logo\/image\/"}}]}},"_links":{"self":[{"href":"https:\/\/www.qapter.com\/de\/wp-json\/wp\/v2\/pages\/11973","targetHints":{"allow":["GET"]}}],"collection":[{"href":"https:\/\/www.qapter.com\/de\/wp-json\/wp\/v2\/pages"}],"about":[{"href":"https:\/\/www.qapter.com\/de\/wp-json\/wp\/v2\/types\/page"}],"author":[{"embeddable":true,"href":"https:\/\/www.qapter.com\/de\/wp-json\/wp\/v2\/users\/7"}],"replies":[{"embeddable":true,"href":"https:\/\/www.qapter.com\/de\/wp-json\/wp\/v2\/comments?post=11973"}],"version-history":[{"count":0,"href":"https:\/\/www.qapter.com\/de\/wp-json\/wp\/v2\/pages\/11973\/revisions"}],"up":[{"embeddable":true,"href":"https:\/\/www.qapter.com\/de\/wp-json\/wp\/v2\/pages\/11949"}],"wp:attachment":[{"href":"https:\/\/www.qapter.com\/de\/wp-json\/wp\/v2\/media?parent=11973"}],"curies":[{"name":"wp","href":"https:\/\/api.w.org\/{rel}","templated":true}]}}